{"id":198,"date":"2019-10-23T19:35:10","date_gmt":"2019-10-23T17:35:10","guid":{"rendered":"http:\/\/grupamisyjna.misjonarze.pl\/?page_id=198"},"modified":"2020-06-13T14:37:35","modified_gmt":"2020-06-13T12:37:35","slug":"schemat-rekolekcji","status":"publish","type":"page","link":"https:\/\/grupamisyjna.misjonarze.pl\/?page_id=198","title":{"rendered":"Schemat Rekolekcji"},"content":{"rendered":"<p><strong>REKOLEKCJE DLA DOROS\u0141YCH<\/strong><\/p>\n<p><strong>Niedziela<\/strong><br \/>\n\u2013 rozpocz\u0119cie na wszystkich Mszach \u015bw.<\/p>\n<p><strong>Poniedzia\u0142ek<\/strong><br \/>\n8.30 \u2013 modlitwy poranne<br \/>\n9.00 \u2013 Msza \u015bw. z nauk\u0105 og\u00f3ln\u0105 \u2013 po Mszy \u015bw. nauka stanowa dla kobiet<br \/>\n18.00 \u2013 Msza \u015bw. z nauk\u0105 og\u00f3ln\u0105 \u2013 po Mszy \u015bw. nauka stanowa dla kobiet<\/p>\n<p><strong>Wtorek<\/strong><br \/>\n8.30 \u2013 modlitwy poranne<br \/>\n9.00 \u2013 Msza \u015bw. z nauk\u0105 og\u00f3ln\u0105 \u2013 Mszy \u015bw. nauka stanowa dla m\u0119\u017cczyzn<br \/>\n18.00 \u2013 Msza \u015bw. z nauk\u0105 og\u00f3ln\u0105 \u2013 po Mszy \u015bw. nauka stanowa dla m\u0119\u017cczyzn<\/p>\n<p><strong>\u015aroda<\/strong><br \/>\n\u2013 Dzie\u0144 spowiedzi<br \/>\n8.30 \u2013 modlitwy poranne<br \/>\n9.00 \u2013 Msza \u015bw. z nauk\u0105 og\u00f3ln\u0105<br \/>\n11.00 \u2013 Msza \u015bw. i Sakrament Chorych<br \/>\n18.00 \u2013 Msza \u015bw. z nauk\u0105 og\u00f3ln\u0105<\/p>\n<p><strong>Czwartek<\/strong><br \/>\n8.30 \u2013 modlitwy poranne<br \/>\n9.00 \u2013 Msza \u015bw., nauka, b\u0142ogos\u0142awie\u0144stwo i zako\u0144czenie<br \/>\n18.00 \u2013 Msza \u015bw., nauka, b\u0142ogos\u0142awie\u0144stwo i zako\u0144czenie<\/p>\n<p><strong>REKOLEKCJE Z UDZIA\u0141EM DZIECI I M\u0141ODZIE\u017bY<\/strong><\/p>\n<p><strong>Niedziela<\/strong><br \/>\n\u2013 rozpocz\u0119cie na wszystkich Mszach \u015bw.<\/p>\n<p><strong>Poniedzia\u0142ek<\/strong><br \/>\n8.30 \u2013 modlitwy poranne<br \/>\n9.00 \u2013 Msza \u015bw. z nauk\u0105 \u2013 po Mszy \u015bw. nauka stanowa dla kobiet<br \/>\n11.00 \u2013 Msza \u015bw. z nauk\u0105 dla dzieci<br \/>\n15.00 \u2013 Nabo\u017ce\u0144stwo z nauk\u0105 dla dzieci<br \/>\n17.00 \u2013 Msza \u015bw. z nauk\u0105 \u2013 po Mszy \u015bw. nauka stanowa dla kobiet<br \/>\n19.00 \u2013 Nabo\u017ce\u0144stwo i nauka dla m\u0142odzie\u017cy<\/p>\n<p><strong>Wtorek<\/strong><br \/>\n8.30 \u2013 modlitwy poranne<br \/>\n9.00 \u2013 Msza \u015bw. z nauk\u0105 \u2013 po Mszy \u015bw. nauka\u00a0stanowa dla m\u0119\u017cczyzn<br \/>\n11.00 \u2013 Msza \u015bw. z nauk\u0105 dla dzieci<br \/>\nPo po\u0142udniu \u2013 Spowied\u017a dzieci<br \/>\n17.00 \u2013 Msza \u015bw. z nauk\u0105 \u2013 po Mszy \u015bw. nauka\u00a0stanowa dla m\u0119\u017cczyzn<br \/>\n19.00 \u2013 Nabo\u017ce\u0144stwo i nauka dla m\u0142odzie\u017cy<\/p>\n<p><strong>\u015aroda<\/strong><br \/>\n\u2013 Dzie\u0144 spowiedzi<br \/>\n8.30 \u2013 modlitwy poranne<br \/>\n9.00 \u2013 Msza \u015bw. z nauk\u0105 \u2013 Sakrament Chorych 11.00 \u2013 Msza \u015bw. z nauk\u0105 dla dzieci<br \/>\n15.30 \u2013 Droga Krzy\u017cowa dla dzieci<br \/>\n17.00 \u2013 Msza \u015bw. z nauk\u0105<br \/>\n19.00 \u2013 Msza \u015bw. z nauk\u0105 dla m\u0142odzie\u017cy<\/p>\n<p><strong>Czwartek<\/strong><br \/>\n8.30 \u2013 modlitwy poranne<br \/>\n9.00 \u2013 Msza \u015bw. z nauk\u0105, b\u0142ogos\u0142awie\u0144stwo i zako\u0144czenie<br \/>\n17.00 \u2013 Msza \u015bw. z nauk\u0105, b\u0142ogos\u0142awie\u0144stwo i zako\u0144czenie<\/p>\n","protected":false},"excerpt":{"rendered":"<p>REKOLEKCJE DLA DOROS\u0141YCH Niedziela \u2013 rozpocz\u0119cie na wszystkich Mszach \u015bw. Poniedzia\u0142ek 8.30 \u2013 modlitwy poranne 9.00&hellip;<\/p>\n","protected":false},"author":1,"featured_media":0,"parent":0,"menu_order":0,"comment_status":"closed","ping_status":"closed","template":"","meta":{"footnotes":""},"class_list":["post-198","page","type-page","status-publish","hentry"],"_links":{"self":[{"href":"https:\/\/grupamisyjna.misjonarze.pl\/index.php?rest_route=\/wp\/v2\/pages\/198","targetHints":{"allow":["GET"]}}],"collection":[{"href":"https:\/\/grupamisyjna.misjonarze.pl\/index.php?rest_route=\/wp\/v2\/pages"}],"about":[{"href":"https:\/\/grupamisyjna.misjonarze.pl\/index.php?rest_route=\/wp\/v2\/types\/page"}],"author":[{"embeddable":true,"href":"https:\/\/grupamisyjna.misjonarze.pl\/index.php?rest_route=\/wp\/v2\/users\/1"}],"replies":[{"embeddable":true,"href":"https:\/\/grupamisyjna.misjonarze.pl\/index.php?rest_route=%2Fwp%2Fv2%2Fcomments&post=198"}],"version-history":[{"count":1,"href":"https:\/\/grupamisyjna.misjonarze.pl\/index.php?rest_route=\/wp\/v2\/pages\/198\/revisions"}],"predecessor-version":[{"id":199,"href":"https:\/\/grupamisyjna.misjonarze.pl\/index.php?rest_route=\/wp\/v2\/pages\/198\/revisions\/199"}],"wp:attachment":[{"href":"https:\/\/grupamisyjna.misjonarze.pl\/index.php?rest_route=%2Fwp%2Fv2%2Fmedia&parent=198"}],"curies":[{"name":"wp","href":"https:\/\/api.w.org\/{rel}","templated":true}]}}